{"id":112,"date":"2025-03-15T12:56:44","date_gmt":"2025-03-15T12:56:44","guid":{"rendered":"https:\/\/laesquinadeltofe.com\/?page_id=112"},"modified":"2025-03-15T12:56:45","modified_gmt":"2025-03-15T12:56:45","slug":"historia","status":"publish","type":"page","link":"https:\/\/laesquinadeltofe.com\/historia\/","title":{"rendered":"Historia"},"content":{"rendered":"\n<h2 class=\"wp-block-heading has-text-align-center\">El restaurante La esquina del Tofe gana en Barbate<\/h2>\n\n\n\n<p>Tras muchos a\u00f1os trabajando en bares y restaurante de la localidad, en 2002 se decide dar el paso y empezar la andadura en solitario, para as\u00ed poder combinar la tradici\u00f3n local mas ancestral, en forma de guisos marineros, fritos barbate\u00f1os y arroces, con la innovaci\u00f3n y nuevas tendencias que llegaban a la cocina para ofrecer a nuestra clientela una expeciencia culinaria inolvidable.<br>Prueba de ello son los numerosos precios y galardones recibidos en las distintas semanas gastron\u00f3micas realizadas, tanto la Semana Gastron\u00f3mica del At\u00fan como en el Carrusel Micologico de la Micotapa.<\/p>\n","protected":false},"excerpt":{"rendered":"<p>El restaurante La esquina del Tofe gana en Barbate Tras muchos a\u00f1os trabajando en bares y restaurante de la localidad, en 2002 se decide dar el paso y empezar la andadura en solitario, para as\u00ed poder combinar la tradici\u00f3n local mas ancestral, en forma de guisos marineros, fritos barbate\u00f1os y arroces, con la innovaci\u00f3n y [&hellip;]<\/p>\n","protected":false},"author":1,"featured_media":0,"parent":0,"menu_order":0,"comment_status":"closed","ping_status":"open","template":"","meta":{"footnotes":""},"class_list":["post-112","page","type-page","status-publish","hentry"],"yoast_head":"<!-- This site is optimized with the Yoast SEO plugin v24.6 - https:\/\/yoast.com\/wordpress\/plugins\/seo\/ -->\n<title>La esquina del Tofe \u00bb Historia<\/title>\n<meta name=\"description\" content=\"Prueba de ello son los numerosos precios y galardones recibidos en las distintas semanas gastron\u00f3micas realizadas, tanto la Semana Gastron\u00f3mica del At\u00fan como en el Carrusel Micologico de la Micotapa.\" \/>\n<meta name=\"robots\" content=\"index, follow, max-snippet:-1, max-image-preview:large, max-video-preview:-1\" \/>\n<link rel=\"canonical\" href=\"https:\/\/laesquinadeltofe.com\/historia\/\" \/>\n<meta property=\"og:locale\" content=\"en_US\" \/>\n<meta property=\"og:type\" content=\"article\" \/>\n<meta property=\"og:title\" content=\"La esquina del Tofe \u00bb Historia\" \/>\n<meta property=\"og:description\" content=\"Prueba de ello son los numerosos precios y galardones recibidos en las distintas semanas gastron\u00f3micas realizadas, tanto la Semana Gastron\u00f3mica del At\u00fan como en el Carrusel Micologico de la Micotapa.\" \/>\n<meta property=\"og:url\" content=\"https:\/\/laesquinadeltofe.com\/historia\/\" \/>\n<meta property=\"og:site_name\" content=\"No Blog Title Set\" \/>\n<meta property=\"article:modified_time\" content=\"2025-03-15T12:56:45+00:00\" \/>\n<meta name=\"twitter:card\" content=\"summary_large_image\" \/>\n<meta name=\"twitter:label1\" content=\"Est. reading time\" \/>\n\t<meta name=\"twitter:data1\" content=\"1 minute\" \/>\n<script type=\"application\/ld+json\" class=\"yoast-schema-graph\">{\"@context\":\"https:\/\/schema.org\",\"@graph\":[{\"@type\":\"WebPage\",\"@id\":\"https:\/\/laesquinadeltofe.com\/historia\/\",\"url\":\"https:\/\/laesquinadeltofe.com\/historia\/\",\"name\":\"La esquina del Tofe \u00bb Historia\",\"isPartOf\":{\"@id\":\"https:\/\/laesquinadeltofe.com\/#website\"},\"datePublished\":\"2025-03-15T12:56:44+00:00\",\"dateModified\":\"2025-03-15T12:56:45+00:00\",\"description\":\"Prueba de ello son los numerosos precios y galardones recibidos en las distintas semanas gastron\u00f3micas realizadas, tanto la Semana Gastron\u00f3mica del At\u00fan como en el Carrusel Micologico de la Micotapa.\",\"breadcrumb\":{\"@id\":\"https:\/\/laesquinadeltofe.com\/historia\/#breadcrumb\"},\"inLanguage\":\"en-US\",\"potentialAction\":[{\"@type\":\"ReadAction\",\"target\":[\"https:\/\/laesquinadeltofe.com\/historia\/\"]}]},{\"@type\":\"BreadcrumbList\",\"@id\":\"https:\/\/laesquinadeltofe.com\/historia\/#breadcrumb\",\"itemListElement\":[{\"@type\":\"ListItem\",\"position\":1,\"name\":\"Home\",\"item\":\"https:\/\/laesquinadeltofe.com\/\"},{\"@type\":\"ListItem\",\"position\":2,\"name\":\"Historia\"}]},{\"@type\":\"WebSite\",\"@id\":\"https:\/\/laesquinadeltofe.com\/#website\",\"url\":\"https:\/\/laesquinadeltofe.com\/\",\"name\":\"No Blog Title Set\",\"description\":\"\",\"publisher\":{\"@id\":\"https:\/\/laesquinadeltofe.com\/#organization\"},\"potentialAction\":[{\"@type\":\"SearchAction\",\"target\":{\"@type\":\"EntryPoint\",\"urlTemplate\":\"https:\/\/laesquinadeltofe.com\/?s={search_term_string}\"},\"query-input\":{\"@type\":\"PropertyValueSpecification\",\"valueRequired\":true,\"valueName\":\"search_term_string\"}}],\"inLanguage\":\"en-US\"},{\"@type\":\"Organization\",\"@id\":\"https:\/\/laesquinadeltofe.com\/#organization\",\"name\":\"No Blog Title Set\",\"url\":\"https:\/\/laesquinadeltofe.com\/\",\"logo\":{\"@type\":\"ImageObject\",\"inLanguage\":\"en-US\",\"@id\":\"https:\/\/laesquinadeltofe.com\/#\/schema\/logo\/image\/\",\"url\":\"https:\/\/laesquinadeltofe.com\/wp-content\/uploads\/2025\/03\/logo.png\",\"contentUrl\":\"https:\/\/laesquinadeltofe.com\/wp-content\/uploads\/2025\/03\/logo.png\",\"width\":400,\"height\":80,\"caption\":\"No Blog Title Set\"},\"image\":{\"@id\":\"https:\/\/laesquinadeltofe.com\/#\/schema\/logo\/image\/\"}}]}<\/script>\n<!-- \/ Yoast SEO plugin. -->","yoast_head_json":{"title":"La esquina del Tofe \u00bb Historia","description":"Prueba de ello son los numerosos precios y galardones recibidos en las distintas semanas gastron\u00f3micas realizadas, tanto la Semana Gastron\u00f3mica del At\u00fan como en el Carrusel Micologico de la Micotapa.","robots":{"index":"index","follow":"follow","max-snippet":"max-snippet:-1","max-image-preview":"max-image-preview:large","max-video-preview":"max-video-preview:-1"},"canonical":"https:\/\/laesquinadeltofe.com\/historia\/","og_locale":"en_US","og_type":"article","og_title":"La esquina del Tofe \u00bb Historia","og_description":"Prueba de ello son los numerosos precios y galardones recibidos en las distintas semanas gastron\u00f3micas realizadas, tanto la Semana Gastron\u00f3mica del At\u00fan como en el Carrusel Micologico de la Micotapa.","og_url":"https:\/\/laesquinadeltofe.com\/historia\/","og_site_name":"No Blog Title Set","article_modified_time":"2025-03-15T12:56:45+00:00","twitter_card":"summary_large_image","twitter_misc":{"Est. reading time":"1 minute"},"schema":{"@context":"https:\/\/schema.org","@graph":[{"@type":"WebPage","@id":"https:\/\/laesquinadeltofe.com\/historia\/","url":"https:\/\/laesquinadeltofe.com\/historia\/","name":"La esquina del Tofe \u00bb Historia","isPartOf":{"@id":"https:\/\/laesquinadeltofe.com\/#website"},"datePublished":"2025-03-15T12:56:44+00:00","dateModified":"2025-03-15T12:56:45+00:00","description":"Prueba de ello son los numerosos precios y galardones recibidos en las distintas semanas gastron\u00f3micas realizadas, tanto la Semana Gastron\u00f3mica del At\u00fan como en el Carrusel Micologico de la Micotapa.","breadcrumb":{"@id":"https:\/\/laesquinadeltofe.com\/historia\/#breadcrumb"},"inLanguage":"en-US","potentialAction":[{"@type":"ReadAction","target":["https:\/\/laesquinadeltofe.com\/historia\/"]}]},{"@type":"BreadcrumbList","@id":"https:\/\/laesquinadeltofe.com\/historia\/#breadcrumb","itemListElement":[{"@type":"ListItem","position":1,"name":"Home","item":"https:\/\/laesquinadeltofe.com\/"},{"@type":"ListItem","position":2,"name":"Historia"}]},{"@type":"WebSite","@id":"https:\/\/laesquinadeltofe.com\/#website","url":"https:\/\/laesquinadeltofe.com\/","name":"No Blog Title Set","description":"","publisher":{"@id":"https:\/\/laesquinadeltofe.com\/#organization"},"potentialAction":[{"@type":"SearchAction","target":{"@type":"EntryPoint","urlTemplate":"https:\/\/laesquinadeltofe.com\/?s={search_term_string}"},"query-input":{"@type":"PropertyValueSpecification","valueRequired":true,"valueName":"search_term_string"}}],"inLanguage":"en-US"},{"@type":"Organization","@id":"https:\/\/laesquinadeltofe.com\/#organization","name":"No Blog Title Set","url":"https:\/\/laesquinadeltofe.com\/","logo":{"@type":"ImageObject","inLanguage":"en-US","@id":"https:\/\/laesquinadeltofe.com\/#\/schema\/logo\/image\/","url":"https:\/\/laesquinadeltofe.com\/wp-content\/uploads\/2025\/03\/logo.png","contentUrl":"https:\/\/laesquinadeltofe.com\/wp-content\/uploads\/2025\/03\/logo.png","width":400,"height":80,"caption":"No Blog Title Set"},"image":{"@id":"https:\/\/laesquinadeltofe.com\/#\/schema\/logo\/image\/"}}]}},"_links":{"self":[{"href":"https:\/\/laesquinadeltofe.com\/index.php\/wp-json\/wp\/v2\/pages\/112","targetHints":{"allow":["GET"]}}],"collection":[{"href":"https:\/\/laesquinadeltofe.com\/index.php\/wp-json\/wp\/v2\/pages"}],"about":[{"href":"https:\/\/laesquinadeltofe.com\/index.php\/wp-json\/wp\/v2\/types\/page"}],"author":[{"embeddable":true,"href":"https:\/\/laesquinadeltofe.com\/index.php\/wp-json\/wp\/v2\/users\/1"}],"replies":[{"embeddable":true,"href":"https:\/\/laesquinadeltofe.com\/index.php\/wp-json\/wp\/v2\/comments?post=112"}],"version-history":[{"count":1,"href":"https:\/\/laesquinadeltofe.com\/index.php\/wp-json\/wp\/v2\/pages\/112\/revisions"}],"predecessor-version":[{"id":113,"href":"https:\/\/laesquinadeltofe.com\/index.php\/wp-json\/wp\/v2\/pages\/112\/revisions\/113"}],"wp:attachment":[{"href":"https:\/\/laesquinadeltofe.com\/index.php\/wp-json\/wp\/v2\/media?parent=112"}],"curies":[{"name":"wp","href":"https:\/\/api.w.org\/{rel}","templated":true}]}}