{"id":122,"date":"2025-03-15T13:01:07","date_gmt":"2025-03-15T13:01:07","guid":{"rendered":"https:\/\/laesquinadeltofe.com\/?page_id=122"},"modified":"2025-03-15T13:01:08","modified_gmt":"2025-03-15T13:01:08","slug":"legal","status":"publish","type":"page","link":"https:\/\/laesquinadeltofe.com\/legal\/","title":{"rendered":"Legal"},"content":{"rendered":"\n<p>1- CONDICIONES GENERALES DE USO DE LA WEB Y SU ACEPTACI\u00d3N<\/p>\n\n\n\n<p>El presente aviso (en adelante, el \u201cAviso Legal\u201d) regula el uso del servicio de acceso y utilizaci\u00f3n de la web que Restaurante el Tofe (en adelante, \u201cLA EMPRESA\u201d), pone a su disposici\u00f3n.<\/p>\n\n\n\n<p>En cumplimiento de la Ley 34\/2002 de 11 de julio, de servicios de la sociedad de la informaci\u00f3n y comercio electr\u00f3nico le informamos que LA EMPRESA, en tanto que responsable de la web informa que tiene su domicilio social en Paseo Mar\u00edtimo de Barbate CP 11160 (C\u00e1diz).<\/p>\n\n\n\n<p>La utilizaci\u00f3n de la web atribuye la condici\u00f3n de usuario de la web (en adelante, el \u201cUsuario\u201d) e implica la aceptaci\u00f3n plena y sin reservas de todas y cada una de las disposiciones incluidas en este Aviso Legal en la versi\u00f3n publicada por LA EMPRESA en el momento mismo en que el Usuario acceda a la Web. LA EMPRESA se reserva el derecho a modificar unilateralmente, en cualquier momento y sin previo aviso, la presentaci\u00f3n y configuraci\u00f3n de los contenidos y los servicios de la Web, as\u00ed como las condiciones requeridas para su utilizaci\u00f3n cuando ello sea conveniente para su mejor prestaci\u00f3n.<\/p>\n\n\n\n<p>El contenido de la presente web est\u00e1 protegido por las leyes de propiedad intelectual. Dichos contenidos deber\u00e1n ser usados de forma correcta y licita por el usuario y, en particular queda obligado a utilizar dichos contenidos de forma diligente, correcta y l\u00edcita. No podr\u00e1n usarse los contenidos de forma contraria a la ley, a la moral o a las buenas costumbres aceptadas en orden p\u00fablico. Est\u00e1 prohibida la transmisi\u00f3n de cualquier tipo de datos que usted pueda realizar a esta web, o a otros pertenecientes a terceras empresas cuyos links podr\u00e1 encontrar dentro de esta web, que atente contra los derechos de propiedad de terceros, sean obscenos, pornogr\u00e1ficos, difamatorios, de car\u00e1cter amenazador o material que pueda ser considerado delito o falta en virtud del vigente C\u00f3digo Penal.<\/p>\n\n\n\n<p>Queda prohibida la reproducci\u00f3n, copia, distribuci\u00f3n, transformaci\u00f3n o modificaci\u00f3n de contenidos (textos, im\u00e1genes, voces o estructura) a menos que se cuente con la autorizaci\u00f3n expresa y por escrito del titular de los derechos adquiridos.<\/p>\n\n\n\n<p>2. OBJETO<\/p>\n\n\n\n<p>A trav\u00e9s de la web, LA EMPRESA facilita a los Usuarios informaci\u00f3n de diversos servicios y contenidos puestos a disposici\u00f3n por LA EMPRESA.<\/p>\n\n\n\n<p>3. CONDICIONES DE ACCESO Y UTILIZACI\u00d3N DE LA WEB.<\/p>\n\n\n\n<p>3.1. Car\u00e1cter gratuito del acceso y utilizaci\u00f3n de la web.<\/p>\n\n\n\n<p>La utilizaci\u00f3n de la web tiene car\u00e1cter gratuito. No obstante lo anterior, alguno de los Servicios suministrados por LA EMPRESA a trav\u00e9s de la web est\u00e1n sujetos al pago de un precio en la forma que se determine en las correspondientes contrataciones.<\/p>\n\n\n\n<p>3.2. Veracidad de la informaci\u00f3n<\/p>\n\n\n\n<p>Toda la informaci\u00f3n que facilite el usuario a trav\u00e9s de la web deber\u00e1 ser veraz. A estos efectos, el usuario garantiza la autenticidad de todos aquellos datos que comunique como consecuencia de la cumplimentaci\u00f3n de los formularios de solicitud de informaci\u00f3n. De igual forma, se deber\u00e1 mantener la informaci\u00f3n facilitada a LA EMPRESA actualizada. En todo caso el usuario ser\u00e1 el \u00fanico responsable de las manifestaciones falsas o inexactas que realice y de los perjuicios que cause a LA EMPRESA o a terceros por la informaci\u00f3n que facilite.<\/p>\n\n\n\n<p>3.3. Obligaci\u00f3n de hacer un uso correcto de la Web.<\/p>\n\n\n\n<p>El usuario se compromete a utilizar la Web-Blog de conformidad con la ley, el presente Aviso Legal, y dem\u00e1s avisos, reglamentos de uso e instrucciones puestos en su conocimiento, as\u00ed como con la moral y las buenas costumbres generalmente aceptadas y el orden p\u00fablico.<\/p>\n\n\n\n<p>A tal efecto, el usuario se abstendr\u00e1 de utilizar la web con fines o efectos il\u00edcitos, prohibidos en el presente Aviso Legal, lesivos de los derechos e intereses de terceros, o que de cualquier forma puedan da\u00f1ar, inutilizar, sobrecargar, deteriorar o impedir la normal utilizaci\u00f3n de la web los equipos inform\u00e1ticos o los documentos, archivos y toda clase de contenidos almacenados en cualquier equipo inform\u00e1tico de LA EMPRESA, o de cualquier usuario de Internet (hardware y software).<\/p>\n\n\n\n<p>4- COPYRIGHT Y MARCAS REGISTRADAS<\/p>\n\n\n\n<p>Todas las marcas, nombres comerciales o signos distintivos de cualquier clase que aparecen en la web son propiedad de LA EMPRESA o de terceros, sin que pueda entenderse que el uso o acceso a la web y\/o a los servicios del \u00e1rea del cliente atribuya al usuario derecho alguno sobre las citadas marcas, nombres comerciales y\/o signos distintivos.<\/p>\n\n\n\n<p>Asimismo, los Contenidos son propiedad intelectual de LA EMPRESA o de terceros, sin que puedan entenderse cedidos al usuario, en virtud de lo establecido en este Aviso Legal, ninguno de los derechos de explotaci\u00f3n que existen o puedan existir sobre dichos Contenidos m\u00e1s all\u00e1 de lo estrictamente necesario para el correcto uso de la web.<\/p>\n\n\n\n<p>5.- RESPONSABILIDADES POR DA\u00d1OS Y PERJUICIOS<\/p>\n\n\n\n<p>El usuario de la web o de cualquiera de las p\u00e1ginas Web de terceras empresas, incluidas en el website o con un acceso mediante un link desde el mismo, ser\u00e1 responsable de los Da\u00f1os y Perjuicios que LA EMPRESA pueda sufrir directa o indirectamente, como consecuencia del incumplimiento de cualquiera de las obligaciones derivadas establecidas en el presente Aviso Legal.<\/p>\n\n\n\n<p>6- LIMITE DE RESPONSABILIDAD<\/p>\n\n\n\n<p>6.1. Exclusi\u00f3n de garant\u00edas y de responsabilidad por el funcionamiento de la web<\/p>\n\n\n\n<p>LA EMPRESA no garantiza la disponibilidad del funcionamiento de los servicios de la web. Cuando ello sea razonablemente posible, LA EMPRESA advertir\u00e1 previamente de las interrupciones en el funcionamiento de la web. LA EMPRESA tampoco garantiza la unidad de los Servicios para la realizaci\u00f3n de ninguna actividad en particular, ni su inhabilidad, y en particular, aunque no de modo exclusivo, que los usuarios puedan efectivamente utilizar los Servicios y acceder a las distintas p\u00e1ginas web desde las que se presten los Servicios.<\/p>\n\n\n\n<p>6.2. Privacidad y seguridad en la utilizaci\u00f3n de la web.<\/p>\n\n\n\n<p>LA EMPRESA no garantiza la privacidad y la seguridad de la utilizaci\u00f3n de la web-Blog, no puede garantizar la invulnerabilidad absoluta de sus sistemas de seguridad.<\/p>\n\n\n\n<p>6.3. Exclusi\u00f3n de garant\u00edas y de responsabilidad por los Contenidos.<\/p>\n\n\n\n<p>LA EMPRESA no controla ni garantiza la ausencia de virus ni de otros elementos en los Contenidos que puedan producir alteraciones en el sistema inform\u00e1tico del usuario (software y hardware) o en los documentos electr\u00f3nicos y ficheros almacenados en \u00e9ste.<\/p>\n\n\n\n<p>De igual forma, LA EMPRESA, elude toda responsabilidad en los supuestos de fallo en el rendimiento, error, omisi\u00f3n, interrupci\u00f3n, defecto de demora en la operaci\u00f3n de transmisi\u00f3n, fallo del sistema o l\u00ednea, as\u00ed como en el contenido, exactitud y opiniones expresadas y otras conexiones suministradas por estos medios.<\/p>\n\n\n\n<p>LA EMPRESA no garantiza la licitud, fiabilidad y utilidad de los Contenidos, ni tampoco garantiza la veracidad, exactitud, exhaustividad y actualidad de los Contenidos.<\/p>\n\n\n\n<p>Esta web puede establecer enlaces a otras p\u00e1ginas web que pertenecen a terceros sobre los que LA EMPRESA no tiene control alguno. En estos supuestos LA EMPRESA no asume responsabilidad alguna ni compromiso sobre la informaci\u00f3n contenida en estas p\u00e1ginas ni de los servicios o productos que en ellas se incluya u oferte.<\/p>\n\n\n\n<p>6.4. Deber de colaboraci\u00f3n con las Autoridades Competentes.<\/p>\n\n\n\n<p>En caso de que una autoridad judicial comunique a LA EMPRESA o \u00e9sta tenga conocimiento efectivo de la existencia de una informaci\u00f3n il\u00edcita contenida en la web o que lesione bienes o derechos de un tercero susceptible de indemnizaci\u00f3n, LA EMPRESA colaborar\u00e1 con las organismos competentes para la identificaci\u00f3n de las personas responsables de haber publicado la informaci\u00f3n il\u00edcita, y en todo caso, proceder\u00e1 a retirar tal informaci\u00f3n o hacer imposible el acceso a la misma.<\/p>\n\n\n\n<p>6.5. Exclusi\u00f3n de responsabilidad.<\/p>\n\n\n\n<p>LA EMPRESA EXCLUYE CUALQUIER RESPONSABILIDAD POR LOS DA\u00d1OS Y PERJUICIOS DE TODA NATURALEZA QUE PUEDAN DEBERSE DIRECTA O INDIRECTAMENTE A HECHOS NO GARANTIZADOS EN VIRTUD DE LAS ANTERIORES CL\u00c1USULAS 6.1, 6.2, 6.3. y 6.4.<\/p>\n\n\n\n<p>7- POL\u00cdTICA DE PROTECCI\u00d3N DE DATOS<\/p>\n\n\n\n<p>LA EMPRESA tiene establecida una pol\u00edtica de privacidad en lo que refiere a los datos de car\u00e1cter personal, que recoge, trata o custodia, claramente definida en la pol\u00edtica de privacidad.<\/p>\n\n\n\n<p>8- DURACION<\/p>\n\n\n\n<p>LA EMPRESA podr\u00e1 interrumpir el servicio de la web no obstante, est\u00e1 autorizada a dar por terminada o suspender la prestaci\u00f3n de los Servicios en cualquier momento. Cuando ello sea razonablemente posible, LA EMPRESA advertir\u00e1 previamente la terminaci\u00f3n o suspensi\u00f3n de la prestaci\u00f3n de los servicios de la web.<\/p>\n\n\n\n<p>9- JURISDICCI\u00d3N<\/p>\n\n\n\n<p>Las partes, con expresa renuncia de su propio fuero, aceptan como legislaci\u00f3n rectora del presente contrato, la espa\u00f1ola, y se someten para la resoluci\u00f3n de cuantos litigios pudieran derivarse del mismo a los Juzgados y Tribunales de M\u00e1laga.<\/p>\n\n\n\n<p>10- LEGISLACI\u00d3N<\/p>\n\n\n\n<p>Las presentes Condiciones Generales se rigen por las leyes espa\u00f1olas.<\/p>\n\n\n\n<p>POL\u00cdTICA DE PRIVACIDAD<\/p>\n\n\n\n<p>A trav\u00e9s del presente aviso, AUTISMO C\u00c1DIZ (en adelante, LA EMPRESA) informa a los usuarios del website, en cumplimiento del art\u00edculo 5 de la Ley Org\u00e1nica 15\/1999, de 13 de diciembre de 1999, de Protecci\u00f3n de Datos de Car\u00e1cter Personal (en adelante LOPD) sobre su pol\u00edtica de protecci\u00f3n de datos personales con la finalidad de que estos decidan de forma expresa, libre y voluntaria, si desean facilitar a LA EMPRESA los datos personales que le son solicitados en el web para la prestaci\u00f3n de sus servicios. Tambi\u00e9n se informa a los usuarios de la incorporaci\u00f3n de los datos recabados a un fichero que consta debidamente inscrito en el Registro General de Protecci\u00f3n de Datos, y cuyo titular y responsable es LA EMPRESA, llevando a cabo un tratamiento automatizado de datos conforme a las finalidades especificadas y dem\u00e1s previsiones establecidas en la presente pol\u00edtica de privacidad.<\/p>\n\n\n\n<p>Recogida de datos y usos previstos.<\/p>\n\n\n\n<p>La recogida de datos personales se produce a trav\u00e9s de la cumplimentaci\u00f3n de enlaces a correo electr\u00f3nico o formularios de solicitud de informaci\u00f3n que figuran o puedan figurar en un futuro en la web.<\/p>\n\n\n\n<p>La transmisi\u00f3n efectiva de los datos tiene lugar cuando el usuario pulsa el bot\u00f3n \u201cENVIAR\u201d que se encuentra en dicho formulario.<\/p>\n\n\n\n<p>Los datos que se solicitan son los adecuados, pertinentes y no excesivos en relaci\u00f3n con el \u00e1mbito, las finalidades y servicios determinados, expl\u00edcitos y leg\u00edtimos de LA EMPRESA.<\/p>\n\n\n\n<p>El usuario deber\u00e1 rellenar los formularios con datos verdaderos, exactos, completos y actualizados, respondiendo de los da\u00f1os y perjuicios que pudiera ocasionar a causa de la cumplimentaci\u00f3n defectuosa del formulario con datos falsos, inexactos, incompletos o no actualizados.<\/p>\n\n\n\n<p>A. Contacto<\/p>\n\n\n\n<p>Los datos de empresas y, en particular, de la persona de contacto de las mismas que se reciban a trav\u00e9s del formulario de solicitud de informaci\u00f3n ser\u00e1 tratado con la finalidad de el env\u00edo de informaci\u00f3n comercial sobre los servicios prestados y comercializados por LA EMPRESA, actuales y futuros, que puedan ser de su inter\u00e9s.<\/p>\n\n\n\n<p>Se entender\u00e1 expresamente aceptado el tratamiento de datos con las finalidades anteriormente indicadas, al pulsar el bot\u00f3n \u201cENVIAR\u201d que figura en el formulario de solicitud de informaci\u00f3n.<\/p>\n\n\n\n<p>Los datos recabados a trav\u00e9s de este formulario ser\u00e1 utilizado con el exclusivo fin de dar respuesta a la solicitud de informaci\u00f3n enviada y podr\u00e1n ser utilizados posteriormente para remitir informaci\u00f3n comercial de servicios o actualizaciones de productos propios de LA EMPRESA o comercializados por ella, de acuerdo con los t\u00e9rminos expresados en el siguiente apartado.<\/p>\n\n\n\n<p>B. Tratamiento de datos para env\u00edo de comunicaciones comerciales.<\/p>\n\n\n\n<p>LA EMPRESA podr\u00e1 utilizar los datos de car\u00e1cter identificativo de las personas registradas (nombre y apellidos, direcci\u00f3n, tel\u00e9fono y correo electr\u00f3nico) para el env\u00edo de informaci\u00f3n comercial de servicios y productos propios de LA EMPRESA o comercializados por ella, relacionados con el \u00e1mbito de sistemas y servicios inform\u00e1ticos.<\/p>\n\n\n\n<p>Se entender\u00e1 expresamente aceptado el tratamiento de datos con las finalidades anteriormente indicadas, al pulsar el bot\u00f3n \u201cENVIAR\u201d que figura en el formulario de solicitud de informaci\u00f3n, de conformidad con los requisitos exigidos en el art\u00edculo 21 de la Ley 34\/2002, de Servicios de la Sociedad de la Informaci\u00f3n y de Comercio Electr\u00f3nico, para el env\u00edo de comunicaciones comerciales por correo electr\u00f3nico y otros medios electr\u00f3nicos equivalentes.<\/p>\n\n\n\n<p>Medidas de Seguridad.<\/p>\n\n\n\n<p>LA EMPRESA ha adoptado los niveles de seguridad de protecci\u00f3n de los datos personales exigidos en la legislaci\u00f3n vigente sobre protecci\u00f3n de datos, instalando las medidas t\u00e9cnicas y organizativas necesarias para evitar la p\u00e9rdida, mal uso, alteraci\u00f3n, acceso no autorizado y dem\u00e1s riesgos posibles. Igualmente, LA EMPRESA se obliga a cumplir con la obligaci\u00f3n de secreto respecto de los datos contenidos en el fichero automatizado establecido en la legislaci\u00f3n de protecci\u00f3n de datos aplicable. En particular,<\/p>\n\n\n\n<p>LA EMPRESA informa que ha suscrito los pertinentes acuerdos de confidencialidad y protecci\u00f3n de datos con terceros que tienen acceso a datos personales responsabilidad de LA EMPRESA para la prestaci\u00f3n de un servicio a \u00e9sta, en cumplimiento de lo dispuesto en el art\u00edculo 12 de la LOPD, comprometi\u00e9ndose estos terceros a tratar los datos con el \u00fanico fin de prestar los servicios contratados por LA EMPRESA y a adoptar las medidas de seguridad de car\u00e1cter inform\u00e1tico, organizativo y de cualquier otra \u00edndole que en cada caso resulten exigibles.<\/p>\n\n\n\n<p>LA EMPRESA informa que la recogida de datos en la web se realiza en un entorno tecnol\u00f3gico que aplica altos niveles de seguridad y confidencialidad en la transmisi\u00f3n de la informaci\u00f3n. Ello no obstante, el Usuario debe ser consciente de que las medidas de seguridad en Internet no son inexpugnables.<\/p>\n\n\n\n<p>Ejercicio de derechos de acceso, rectificaci\u00f3n, cancelaci\u00f3n y oposici\u00f3n.<\/p>\n\n\n\n<p>El usuario o persona que lo represente podr\u00e1 ejercitar en cualquier momento el derecho de acceso, rectificaci\u00f3n, cancelaci\u00f3n y, en su caso, oposici\u00f3n de acuerdo con lo establecido en la LOPD y dem\u00e1s normativa aplicable al efecto, estos derechos pueden hacerse efectivos mediante una comunicaci\u00f3n escrita dirigida a LA EMPRESA, a la direcci\u00f3n Paseo Mar\u00edtimo Barbate CP 11160 (C\u00e1diz), en la que se acredite la identidad del usuario,<\/p>\n\n\n\n<p>LA EMPRESA se reserva el derecho a modificar la presente pol\u00edtica de privacidad de datos para adaptarla a novedades legislativas y jurisprudenciales, as\u00ed como a criterios interpretativos de esta normativa que sean publicados por la Agencia Espa\u00f1ola de Protecci\u00f3n de Datos. En tal caso, LA EMPRESA anunciar\u00e1 dichos cambios en el portal con suficiente antelaci\u00f3n a su puesta en pr\u00e1ctica.<\/p>\n","protected":false},"excerpt":{"rendered":"<p>1- CONDICIONES GENERALES DE USO DE LA WEB Y SU ACEPTACI\u00d3N El presente aviso (en adelante, el \u201cAviso Legal\u201d) regula el uso del servicio de acceso y utilizaci\u00f3n de la web que Restaurante el Tofe (en adelante, \u201cLA EMPRESA\u201d), pone a su disposici\u00f3n. En cumplimiento de la Ley 34\/2002 de 11 de julio, de servicios [&hellip;]<\/p>\n","protected":false},"author":1,"featured_media":0,"parent":0,"menu_order":0,"comment_status":"closed","ping_status":"open","template":"","meta":{"footnotes":""},"class_list":["post-122","page","type-page","status-publish","hentry"],"yoast_head":"<!-- This site is optimized with the Yoast SEO plugin v24.6 - https:\/\/yoast.com\/wordpress\/plugins\/seo\/ -->\n<title>La esquina del Tofe \u00bb Legal<\/title>\n<meta name=\"description\" content=\"CONDICIONES GENERALES DE USO DE LA WEB Y SU ACEPTACI\u00d3N\" \/>\n<meta name=\"robots\" content=\"index, follow, max-snippet:-1, max-image-preview:large, max-video-preview:-1\" \/>\n<link rel=\"canonical\" href=\"https:\/\/laesquinadeltofe.com\/legal\/\" \/>\n<meta property=\"og:locale\" content=\"en_US\" \/>\n<meta property=\"og:type\" content=\"article\" \/>\n<meta property=\"og:title\" content=\"La esquina del Tofe \u00bb Legal\" \/>\n<meta property=\"og:description\" content=\"CONDICIONES GENERALES DE USO DE LA WEB Y SU ACEPTACI\u00d3N\" \/>\n<meta property=\"og:url\" content=\"https:\/\/laesquinadeltofe.com\/legal\/\" \/>\n<meta property=\"og:site_name\" content=\"No Blog Title Set\" \/>\n<meta property=\"article:modified_time\" content=\"2025-03-15T13:01:08+00:00\" \/>\n<meta name=\"twitter:card\" content=\"summary_large_image\" \/>\n<meta name=\"twitter:label1\" content=\"Est. reading time\" \/>\n\t<meta name=\"twitter:data1\" content=\"11 minutes\" \/>\n<script type=\"application\/ld+json\" class=\"yoast-schema-graph\">{\"@context\":\"https:\/\/schema.org\",\"@graph\":[{\"@type\":\"WebPage\",\"@id\":\"https:\/\/laesquinadeltofe.com\/legal\/\",\"url\":\"https:\/\/laesquinadeltofe.com\/legal\/\",\"name\":\"La esquina del Tofe \u00bb Legal\",\"isPartOf\":{\"@id\":\"https:\/\/laesquinadeltofe.com\/#website\"},\"datePublished\":\"2025-03-15T13:01:07+00:00\",\"dateModified\":\"2025-03-15T13:01:08+00:00\",\"description\":\"CONDICIONES GENERALES DE USO DE LA WEB Y SU ACEPTACI\u00d3N\",\"breadcrumb\":{\"@id\":\"https:\/\/laesquinadeltofe.com\/legal\/#breadcrumb\"},\"inLanguage\":\"en-US\",\"potentialAction\":[{\"@type\":\"ReadAction\",\"target\":[\"https:\/\/laesquinadeltofe.com\/legal\/\"]}]},{\"@type\":\"BreadcrumbList\",\"@id\":\"https:\/\/laesquinadeltofe.com\/legal\/#breadcrumb\",\"itemListElement\":[{\"@type\":\"ListItem\",\"position\":1,\"name\":\"Home\",\"item\":\"https:\/\/laesquinadeltofe.com\/\"},{\"@type\":\"ListItem\",\"position\":2,\"name\":\"Legal\"}]},{\"@type\":\"WebSite\",\"@id\":\"https:\/\/laesquinadeltofe.com\/#website\",\"url\":\"https:\/\/laesquinadeltofe.com\/\",\"name\":\"No Blog Title Set\",\"description\":\"\",\"publisher\":{\"@id\":\"https:\/\/laesquinadeltofe.com\/#organization\"},\"potentialAction\":[{\"@type\":\"SearchAction\",\"target\":{\"@type\":\"EntryPoint\",\"urlTemplate\":\"https:\/\/laesquinadeltofe.com\/?s={search_term_string}\"},\"query-input\":{\"@type\":\"PropertyValueSpecification\",\"valueRequired\":true,\"valueName\":\"search_term_string\"}}],\"inLanguage\":\"en-US\"},{\"@type\":\"Organization\",\"@id\":\"https:\/\/laesquinadeltofe.com\/#organization\",\"name\":\"No Blog Title Set\",\"url\":\"https:\/\/laesquinadeltofe.com\/\",\"logo\":{\"@type\":\"ImageObject\",\"inLanguage\":\"en-US\",\"@id\":\"https:\/\/laesquinadeltofe.com\/#\/schema\/logo\/image\/\",\"url\":\"https:\/\/laesquinadeltofe.com\/wp-content\/uploads\/2025\/03\/logo.png\",\"contentUrl\":\"https:\/\/laesquinadeltofe.com\/wp-content\/uploads\/2025\/03\/logo.png\",\"width\":400,\"height\":80,\"caption\":\"No Blog Title Set\"},\"image\":{\"@id\":\"https:\/\/laesquinadeltofe.com\/#\/schema\/logo\/image\/\"}}]}<\/script>\n<!-- \/ Yoast SEO plugin. -->","yoast_head_json":{"title":"La esquina del Tofe \u00bb Legal","description":"CONDICIONES GENERALES DE USO DE LA WEB Y SU ACEPTACI\u00d3N","robots":{"index":"index","follow":"follow","max-snippet":"max-snippet:-1","max-image-preview":"max-image-preview:large","max-video-preview":"max-video-preview:-1"},"canonical":"https:\/\/laesquinadeltofe.com\/legal\/","og_locale":"en_US","og_type":"article","og_title":"La esquina del Tofe \u00bb Legal","og_description":"CONDICIONES GENERALES DE USO DE LA WEB Y SU ACEPTACI\u00d3N","og_url":"https:\/\/laesquinadeltofe.com\/legal\/","og_site_name":"No Blog Title Set","article_modified_time":"2025-03-15T13:01:08+00:00","twitter_card":"summary_large_image","twitter_misc":{"Est. reading time":"11 minutes"},"schema":{"@context":"https:\/\/schema.org","@graph":[{"@type":"WebPage","@id":"https:\/\/laesquinadeltofe.com\/legal\/","url":"https:\/\/laesquinadeltofe.com\/legal\/","name":"La esquina del Tofe \u00bb Legal","isPartOf":{"@id":"https:\/\/laesquinadeltofe.com\/#website"},"datePublished":"2025-03-15T13:01:07+00:00","dateModified":"2025-03-15T13:01:08+00:00","description":"CONDICIONES GENERALES DE USO DE LA WEB Y SU ACEPTACI\u00d3N","breadcrumb":{"@id":"https:\/\/laesquinadeltofe.com\/legal\/#breadcrumb"},"inLanguage":"en-US","potentialAction":[{"@type":"ReadAction","target":["https:\/\/laesquinadeltofe.com\/legal\/"]}]},{"@type":"BreadcrumbList","@id":"https:\/\/laesquinadeltofe.com\/legal\/#breadcrumb","itemListElement":[{"@type":"ListItem","position":1,"name":"Home","item":"https:\/\/laesquinadeltofe.com\/"},{"@type":"ListItem","position":2,"name":"Legal"}]},{"@type":"WebSite","@id":"https:\/\/laesquinadeltofe.com\/#website","url":"https:\/\/laesquinadeltofe.com\/","name":"No Blog Title Set","description":"","publisher":{"@id":"https:\/\/laesquinadeltofe.com\/#organization"},"potentialAction":[{"@type":"SearchAction","target":{"@type":"EntryPoint","urlTemplate":"https:\/\/laesquinadeltofe.com\/?s={search_term_string}"},"query-input":{"@type":"PropertyValueSpecification","valueRequired":true,"valueName":"search_term_string"}}],"inLanguage":"en-US"},{"@type":"Organization","@id":"https:\/\/laesquinadeltofe.com\/#organization","name":"No Blog Title Set","url":"https:\/\/laesquinadeltofe.com\/","logo":{"@type":"ImageObject","inLanguage":"en-US","@id":"https:\/\/laesquinadeltofe.com\/#\/schema\/logo\/image\/","url":"https:\/\/laesquinadeltofe.com\/wp-content\/uploads\/2025\/03\/logo.png","contentUrl":"https:\/\/laesquinadeltofe.com\/wp-content\/uploads\/2025\/03\/logo.png","width":400,"height":80,"caption":"No Blog Title Set"},"image":{"@id":"https:\/\/laesquinadeltofe.com\/#\/schema\/logo\/image\/"}}]}},"_links":{"self":[{"href":"https:\/\/laesquinadeltofe.com\/index.php\/wp-json\/wp\/v2\/pages\/122","targetHints":{"allow":["GET"]}}],"collection":[{"href":"https:\/\/laesquinadeltofe.com\/index.php\/wp-json\/wp\/v2\/pages"}],"about":[{"href":"https:\/\/laesquinadeltofe.com\/index.php\/wp-json\/wp\/v2\/types\/page"}],"author":[{"embeddable":true,"href":"https:\/\/laesquinadeltofe.com\/index.php\/wp-json\/wp\/v2\/users\/1"}],"replies":[{"embeddable":true,"href":"https:\/\/laesquinadeltofe.com\/index.php\/wp-json\/wp\/v2\/comments?post=122"}],"version-history":[{"count":1,"href":"https:\/\/laesquinadeltofe.com\/index.php\/wp-json\/wp\/v2\/pages\/122\/revisions"}],"predecessor-version":[{"id":123,"href":"https:\/\/laesquinadeltofe.com\/index.php\/wp-json\/wp\/v2\/pages\/122\/revisions\/123"}],"wp:attachment":[{"href":"https:\/\/laesquinadeltofe.com\/index.php\/wp-json\/wp\/v2\/media?parent=122"}],"curies":[{"name":"wp","href":"https:\/\/api.w.org\/{rel}","templated":true}]}}