{"id":81,"date":"2025-03-15T11:54:04","date_gmt":"2025-03-15T11:54:04","guid":{"rendered":"https:\/\/laesquinadeltofe.com\/?page_id=81"},"modified":"2025-03-15T11:54:05","modified_gmt":"2025-03-15T11:54:05","slug":"almadraba","status":"publish","type":"page","link":"https:\/\/laesquinadeltofe.com\/almadraba\/","title":{"rendered":"Almadraba"},"content":{"rendered":"\n<p><small>La\u00a0<strong>almadraba<\/strong>\u00a0(del \u00e1rabe andalus\u00ed\u00a0<em>almadr\u00e1ba<\/em>, lugar donde se golpea o lucha) es una de las artes para la captura del at\u00fan empleada en Andaluc\u00eda, Comunidad Valenciana, Murcia y Ceuta aprovechando la migraci\u00f3n de atunes Atl\u00e1ntico-Mediterr\u00e1neo (y vuelta) que se utiliza desde tiempos prerromanos. Consiste en instalar un\u00a0<strong>laberinto de redes<\/strong>\u00a0en el paso de los atunes, que normalmente se sit\u00faa cerca de la costa. En Sicilia el m\u00e9todo se denomina\u00a0<em>tonnara<\/em>\u00a0(atunara).<\/small><\/p>\n\n\n\n<h2 class=\"wp-block-heading\"><strong>HISTOR\u00cdA<\/strong><\/h2>\n\n\n\n<p>Las costas espa\u00f1olas, en concreto las del sur de la pen\u00ednsula, siempre fueron muy ricas en pesquer\u00edas y paso obligado, junto con el norte de \u00c1frica, de los peces que ven\u00edan a reproducirse en el Mediterr\u00e1neo, siendo el m\u00e1s preciado de todos el&nbsp;<strong>at\u00fan<\/strong>&nbsp;y es gracias a este animal marino donde comenz\u00f3 la riqueza de todo el litoral espa\u00f1ol que estaba en las proximidades de las Columnas de H\u00e9rcules o estrecho de Gibraltar.<\/p>\n\n\n\n<p>Con la llegada de los romanos en la&nbsp;<strong>Tercera Guerra P\u00fanica<\/strong>&nbsp;(a\u00f1o 212 a.C.),&nbsp;al&nbsp;ver el tesoro que hab\u00eda en los mares de Iberia (Espa\u00f1a), se afanaron en explotar toda su riqueza, como tambi\u00e9n ocurri\u00f3 con sus minas o la agricultura en las feraces tierras del valle del Guadalquivir. Se abrieron factor\u00edas de salazones y se elaboraron los mejores garum de la historia gracias a la pesca del preciado at\u00fan, el cual ya se pescaba en&nbsp;almadrabas. Importantes fueron las factor\u00edas de Ayamonte en lo que hoy es la costa de Huelva y&nbsp;<strong>Barbate<\/strong>&nbsp;y&nbsp;<strong>Baelo Claudia<\/strong>&nbsp;(playa de Bolonia) en C\u00e1diz, siendo esta \u00faltima la m\u00e1s importante de todas gracias al lugar estrat\u00e9gico que ocupaba, llegando a ostentar el t\u00edtulo de provincia romana.<\/p>\n\n\n\n<p>De Opiano tenemos una descripci\u00f3n de las&nbsp;almadrabas&nbsp;en el siglo II a.C. que refleja en su libro Halieutica y en el que refiri\u00e9ndose al momento del avistamiento de los atunes&nbsp;dice&nbsp;lo siguiente: \u201c\u201c<em><strong>\u2026se despliegan todas las redes a modo de ciudad entre las olas, pues la red tiene sus porteros y en su interior puertas y m\u00e1s rec\u00f3nditos recintos, R\u00e1pidamente los atunes avanzan en filas, como falanges de hombres que marchan por tribus, unos m\u00e1s j\u00f3venes, otros m\u00e1s viejos, otros de mediana edad: infinitos se derraman dentro de las redes, todo el tiempo que ellos desean y la cantidad que admita la capacidad de la red. Y rica y excelente pesca.<\/strong><\/em>\u201c<\/p>\n\n\n\n<p>Tras la invasi\u00f3n de los V\u00e1ndalos, que fueron las tribus b\u00e1rbaras que se asentaron en Andaluc\u00eda, el comercio de los salazones merm\u00f3 considerablemente como consecuencia del desmembramiento del Imperio Romano, llegando a constituir s\u00f3lo una fuente de alimentos de consumo interno, siendo relanzado de nuevo tras la invasi\u00f3n \u00e1rabe&nbsp;(que fueron los que utilizaron las&nbsp;almadrabas&nbsp;de tiro)&nbsp;y finalmente consagrado tras la reconquista.<\/p>\n\n\n\n<p>En el a\u00f1o 1285 el rey Sancho IV concedi\u00f3 a los caballeros de Santiago los castillos de Alcal\u00e1, Medina Sidonia y Vejer, as\u00ed como el puerto que estaba en la desembocadura del r\u00edo Barbate, las salinas de Manzaneque y las&nbsp;almadrabas&nbsp;de Conil y Zahara de los Atunes: \u201c<em><strong>Almadrabas&nbsp;de atunes e con los derechos de puerto de mar, e con pesquer\u00edas e con salinas<\/strong><\/em>\u201c, de esta forma aseguraban las salazones de pescado libres de imposiciones.<\/p>\n\n\n\n<p>Tras diversas vicisitudes la zona comprendida entre Sanlucar de Barrameda y Tarifa pasa a manos de los Guzmanes, lo cuales pescaron atunes antes del a\u00f1o 1330, ya que en el testamento que dej\u00f3 su viuda,&nbsp;<strong>Mar\u00eda Alphon<\/strong>, manda pagar a su criado 5.000 maraved\u00eds que le prest\u00f3 para armar las&nbsp;almadrabas.<\/p>\n\n\n\n<figure class=\"wp-block-image aligncenter size-full\"><img loading=\"lazy\" decoding=\"async\" width=\"500\" height=\"258\" src=\"https:\/\/laesquinadeltofe.com\/wp-content\/uploads\/2025\/03\/mediaval.jpg.jpg\" alt=\"HISTOR\u00cdA\" class=\"wp-image-88\" srcset=\"https:\/\/laesquinadeltofe.com\/wp-content\/uploads\/2025\/03\/mediaval.jpg.jpg 500w, https:\/\/laesquinadeltofe.com\/wp-content\/uploads\/2025\/03\/mediaval.jpg-300x155.jpg 300w\" sizes=\"auto, (max-width: 500px) 100vw, 500px\" \/><\/figure>\n\n\n\n<p>En el a\u00f1o 1445 el conde de Niebla es investido como duque de Medina Sidonia por el rey Juan II y entre sus derechos estuvo el de ser propietario de todas \u201c<em><strong>las&nbsp;almadrabas&nbsp;que ahora son o ser\u00e1n, de aqu\u00ed en adelante, desde el Odiana hasta toda la costa del Reino de Granada. Si se&nbsp; ganares algunos lugares en que&nbsp;almadrabas&nbsp;pueda haber, que no las pueda armar ni haber otra persona alguna, salvo vos el dicho conde e los que vos vinieren, en quien subcediere la dicha vuestra casa e mayorazgo, quier est\u00e9n en lugares de se\u00f1or\u00edo, quier en realengos<\/strong><\/em>\u201c. Claro est\u00e1 que ese regalar toda la costa sur de Espa\u00f1a era un decir porque el Reino de Granada era todav\u00eda propiedad de los moros.<\/p>\n\n\n\n<p>Este primer duque de Medina Sidonia construy\u00f3 el Palacio de las Pilas en Zahara de los Atunes, un espacio amurallado con puertas al mar y a tierra, donde se salaban y preparaban los atunes, estando defendido este enclave de los corsarios que de vez en cuando asolaban estas tierras.<br><\/p>\n\n\n\n<figure class=\"wp-block-image aligncenter size-full\"><img loading=\"lazy\" decoding=\"async\" width=\"400\" height=\"259\" src=\"https:\/\/laesquinadeltofe.com\/wp-content\/uploads\/2025\/03\/conil.jpg.jpg\" alt=\"HISTOR\u00cdA\" class=\"wp-image-87\" srcset=\"https:\/\/laesquinadeltofe.com\/wp-content\/uploads\/2025\/03\/conil.jpg.jpg 400w, https:\/\/laesquinadeltofe.com\/wp-content\/uploads\/2025\/03\/conil.jpg-300x194.jpg 300w\" sizes=\"auto, (max-width: 400px) 100vw, 400px\" \/><\/figure>\n\n\n\n<p>Este monopolio en la pesca y comercializaci\u00f3n de los salazones tuvo, en aquellas \u00e9pocas, un resultado positivo, ya que la pesca se hizo racional y cre\u00f3 riqueza en casi toda Andaluc\u00eda occidental. La redes y las sogas se hac\u00edan con esparto y c\u00e1\u00f1amo del condado de Niebla; los carpinteros de Sanlucar de Barrameda constru\u00edan y reparaban los barcos con madera de alcornoque y encina cortada del Coto Do\u00f1ana; los barriles donde se envasaban los salazones estaban hechos con madrea de haya importada de Vizcaya e Inglaterra. Hasta el siglo XVII los barriles ten\u00edan los arcos de vasija de madera de casta\u00f1o, fecha esta en la que se cambi\u00f3 por las de hierro.<\/p>\n\n\n\n<p>La racionalizaci\u00f3n de las pesquer\u00edas, como he comentado, cre\u00f3 una aproximaci\u00f3n de los duques con el pueblo, ya que eran ellos los que se encargaban personalmente de todo, incluso interven\u00edan en la pesca de los atunes aprendiendo todos los oficios con el fin de saber llevar mejor el negocio, independientemente de ser una fiesta para ellos.<\/p>\n\n\n\n<p>Esta industria de la almadraba cre\u00f3 puestos de trabajo fijos en el siglo XVI en la&nbsp;<strong>chanca<\/strong>, lugar donde se salaban y preparaban los atunes, los primeros puestos ocupados \u00edntegramente por mujeres y los otros por esclavos incentivados y personal libre del pueblo. La pesca, en principio, la hac\u00edan los pescadores nativos que vend\u00edan las capturas al duque para pasar m\u00e1s adelante a manos de los pescadores de Huelva.<\/p>\n\n\n\n<p>Sobre 1570 se arruinaron las&nbsp;almadrabas&nbsp;como consecuencia de la falta de atunes y la de compradores y todo ello a cuenta de que hab\u00eda pescadores que se met\u00edan en las&nbsp;almadrabas&nbsp;rompi\u00e9ndolas para obtener beneficio, espantando a los atunes que se pegaron a las costas de Marruecos. Ante estos \u2018abusos\u2019 la Casa de Medina Sidonia, asumiendo la autoridad que le hab\u00edan conferido sobre la propiedad de toda la pesca del sur de Espa\u00f1a, obtuvo de la&nbsp;<strong>Chanciller\u00eda de Granada<\/strong>, en el a\u00f1o 1583, un bando en el que se prohib\u00eda meter barcos en la ruta de los atunes en temporada de pesca, multando a todo aquel que los pescase aunque fuese por casualidad, algo que nunca pudo llevarse a efecto, ya que era casi imposible seguir a los \u2018delincuentes\u2019 por mar.<\/p>\n\n\n\n<p>Desde la d\u00e9cada de los 80 del siglo XIX comienza un nuevo y crucial camino en el negocio almadrabero en la provincia de C\u00e1diz que llega a su madurez en los a\u00f1os 20 del siglo XX, alcanz\u00e1ndose cifras de exportaci\u00f3n hist\u00f3ricas. Cuatro grandes empresas (Viuda de Zamorano, Seraf\u00edn Romeu, Jos\u00e9 Ram\u00f3n Curbera y Compa\u00f1\u00eda Almadrabera Espa\u00f1ola) elaboran casi la totalidad de los atunes del sur de Espa\u00f1a, alcanzando, entre los a\u00f1os 1919 y 1928, capturas que oscilaron entre los 50.000 y 80.000 atunes por a\u00f1o, llegando estas empresas a crear aut\u00e9nticas colonias industriales dotadas de servicios tales como escuelas, hospital, economato, alojamientos, etc.<\/p>\n\n\n\n<figure class=\"wp-block-image aligncenter size-full\"><img loading=\"lazy\" decoding=\"async\" width=\"432\" height=\"341\" src=\"https:\/\/laesquinadeltofe.com\/wp-content\/uploads\/2025\/03\/barbate.jpg.jpg\" alt=\"HISTOR\u00cdA\" class=\"wp-image-86\" srcset=\"https:\/\/laesquinadeltofe.com\/wp-content\/uploads\/2025\/03\/barbate.jpg.jpg 432w, https:\/\/laesquinadeltofe.com\/wp-content\/uploads\/2025\/03\/barbate.jpg-300x237.jpg 300w\" sizes=\"auto, (max-width: 432px) 100vw, 432px\" \/><\/figure>\n","protected":false},"excerpt":{"rendered":"<p>La\u00a0almadraba\u00a0(del \u00e1rabe andalus\u00ed\u00a0almadr\u00e1ba, lugar donde se golpea o lucha) es una de las artes para la captura del at\u00fan empleada en Andaluc\u00eda, Comunidad Valenciana, Murcia y Ceuta aprovechando la migraci\u00f3n de atunes Atl\u00e1ntico-Mediterr\u00e1neo (y vuelta) que se utiliza desde tiempos prerromanos. Consiste en instalar un\u00a0laberinto de redes\u00a0en el paso de los atunes, que normalmente se [&hellip;]<\/p>\n","protected":false},"author":1,"featured_media":0,"parent":0,"menu_order":0,"comment_status":"closed","ping_status":"open","template":"","meta":{"footnotes":""},"class_list":["post-81","page","type-page","status-publish","hentry"],"yoast_head":"<!-- This site is optimized with the Yoast SEO plugin v24.6 - https:\/\/yoast.com\/wordpress\/plugins\/seo\/ -->\n<title>La esquina del Tofe \u00bb Almadraba<\/title>\n<meta name=\"description\" content=\"De Opiano tenemos una descripci\u00f3n de las\u00a0almadrabas\u00a0en el siglo II a.C. que refleja en su libro Halieutica y en el que refiri\u00e9ndose al momento del avistamiento de los atunes\u00a0\" \/>\n<meta name=\"robots\" content=\"index, follow, max-snippet:-1, max-image-preview:large, max-video-preview:-1\" \/>\n<link rel=\"canonical\" href=\"https:\/\/laesquinadeltofe.com\/almadraba\/\" \/>\n<meta property=\"og:locale\" content=\"en_US\" \/>\n<meta property=\"og:type\" content=\"article\" \/>\n<meta property=\"og:title\" content=\"La esquina del Tofe \u00bb Almadraba\" \/>\n<meta property=\"og:description\" content=\"De Opiano tenemos una descripci\u00f3n de las\u00a0almadrabas\u00a0en el siglo II a.C. que refleja en su libro Halieutica y en el que refiri\u00e9ndose al momento del avistamiento de los atunes\u00a0\" \/>\n<meta property=\"og:url\" content=\"https:\/\/laesquinadeltofe.com\/almadraba\/\" \/>\n<meta property=\"og:site_name\" content=\"No Blog Title Set\" \/>\n<meta property=\"article:modified_time\" content=\"2025-03-15T11:54:05+00:00\" \/>\n<meta property=\"og:image\" content=\"https:\/\/laesquinadeltofe.com\/wp-content\/uploads\/2025\/03\/mediaval.jpg.jpg\" \/>\n\t<meta property=\"og:image:width\" content=\"500\" \/>\n\t<meta property=\"og:image:height\" content=\"258\" \/>\n\t<meta property=\"og:image:type\" content=\"image\/jpeg\" \/>\n<meta name=\"twitter:card\" content=\"summary_large_image\" \/>\n<meta name=\"twitter:label1\" content=\"Est. reading time\" \/>\n\t<meta name=\"twitter:data1\" content=\"6 minutes\" \/>\n<script type=\"application\/ld+json\" class=\"yoast-schema-graph\">{\"@context\":\"https:\/\/schema.org\",\"@graph\":[{\"@type\":\"WebPage\",\"@id\":\"https:\/\/laesquinadeltofe.com\/almadraba\/\",\"url\":\"https:\/\/laesquinadeltofe.com\/almadraba\/\",\"name\":\"La esquina del Tofe \u00bb Almadraba\",\"isPartOf\":{\"@id\":\"https:\/\/laesquinadeltofe.com\/#website\"},\"primaryImageOfPage\":{\"@id\":\"https:\/\/laesquinadeltofe.com\/almadraba\/#primaryimage\"},\"image\":{\"@id\":\"https:\/\/laesquinadeltofe.com\/almadraba\/#primaryimage\"},\"thumbnailUrl\":\"https:\/\/laesquinadeltofe.com\/wp-content\/uploads\/2025\/03\/mediaval.jpg.jpg\",\"datePublished\":\"2025-03-15T11:54:04+00:00\",\"dateModified\":\"2025-03-15T11:54:05+00:00\",\"description\":\"De Opiano tenemos una descripci\u00f3n de las\u00a0almadrabas\u00a0en el siglo II a.C. que refleja en su libro Halieutica y en el que refiri\u00e9ndose al momento del avistamiento de los atunes\u00a0\",\"breadcrumb\":{\"@id\":\"https:\/\/laesquinadeltofe.com\/almadraba\/#breadcrumb\"},\"inLanguage\":\"en-US\",\"potentialAction\":[{\"@type\":\"ReadAction\",\"target\":[\"https:\/\/laesquinadeltofe.com\/almadraba\/\"]}]},{\"@type\":\"ImageObject\",\"inLanguage\":\"en-US\",\"@id\":\"https:\/\/laesquinadeltofe.com\/almadraba\/#primaryimage\",\"url\":\"https:\/\/laesquinadeltofe.com\/wp-content\/uploads\/2025\/03\/mediaval.jpg.jpg\",\"contentUrl\":\"https:\/\/laesquinadeltofe.com\/wp-content\/uploads\/2025\/03\/mediaval.jpg.jpg\",\"width\":500,\"height\":258},{\"@type\":\"BreadcrumbList\",\"@id\":\"https:\/\/laesquinadeltofe.com\/almadraba\/#breadcrumb\",\"itemListElement\":[{\"@type\":\"ListItem\",\"position\":1,\"name\":\"Home\",\"item\":\"https:\/\/laesquinadeltofe.com\/\"},{\"@type\":\"ListItem\",\"position\":2,\"name\":\"Almadraba\"}]},{\"@type\":\"WebSite\",\"@id\":\"https:\/\/laesquinadeltofe.com\/#website\",\"url\":\"https:\/\/laesquinadeltofe.com\/\",\"name\":\"No Blog Title Set\",\"description\":\"\",\"publisher\":{\"@id\":\"https:\/\/laesquinadeltofe.com\/#organization\"},\"potentialAction\":[{\"@type\":\"SearchAction\",\"target\":{\"@type\":\"EntryPoint\",\"urlTemplate\":\"https:\/\/laesquinadeltofe.com\/?s={search_term_string}\"},\"query-input\":{\"@type\":\"PropertyValueSpecification\",\"valueRequired\":true,\"valueName\":\"search_term_string\"}}],\"inLanguage\":\"en-US\"},{\"@type\":\"Organization\",\"@id\":\"https:\/\/laesquinadeltofe.com\/#organization\",\"name\":\"No Blog Title Set\",\"url\":\"https:\/\/laesquinadeltofe.com\/\",\"logo\":{\"@type\":\"ImageObject\",\"inLanguage\":\"en-US\",\"@id\":\"https:\/\/laesquinadeltofe.com\/#\/schema\/logo\/image\/\",\"url\":\"https:\/\/laesquinadeltofe.com\/wp-content\/uploads\/2025\/03\/logo.png\",\"contentUrl\":\"https:\/\/laesquinadeltofe.com\/wp-content\/uploads\/2025\/03\/logo.png\",\"width\":400,\"height\":80,\"caption\":\"No Blog Title Set\"},\"image\":{\"@id\":\"https:\/\/laesquinadeltofe.com\/#\/schema\/logo\/image\/\"}}]}<\/script>\n<!-- \/ Yoast SEO plugin. -->","yoast_head_json":{"title":"La esquina del Tofe \u00bb Almadraba","description":"De Opiano tenemos una descripci\u00f3n de las\u00a0almadrabas\u00a0en el siglo II a.C. que refleja en su libro Halieutica y en el que refiri\u00e9ndose al momento del avistamiento de los atunes\u00a0","robots":{"index":"index","follow":"follow","max-snippet":"max-snippet:-1","max-image-preview":"max-image-preview:large","max-video-preview":"max-video-preview:-1"},"canonical":"https:\/\/laesquinadeltofe.com\/almadraba\/","og_locale":"en_US","og_type":"article","og_title":"La esquina del Tofe \u00bb Almadraba","og_description":"De Opiano tenemos una descripci\u00f3n de las\u00a0almadrabas\u00a0en el siglo II a.C. que refleja en su libro Halieutica y en el que refiri\u00e9ndose al momento del avistamiento de los atunes\u00a0","og_url":"https:\/\/laesquinadeltofe.com\/almadraba\/","og_site_name":"No Blog Title Set","article_modified_time":"2025-03-15T11:54:05+00:00","og_image":[{"width":500,"height":258,"url":"https:\/\/laesquinadeltofe.com\/wp-content\/uploads\/2025\/03\/mediaval.jpg.jpg","type":"image\/jpeg"}],"twitter_card":"summary_large_image","twitter_misc":{"Est. reading time":"6 minutes"},"schema":{"@context":"https:\/\/schema.org","@graph":[{"@type":"WebPage","@id":"https:\/\/laesquinadeltofe.com\/almadraba\/","url":"https:\/\/laesquinadeltofe.com\/almadraba\/","name":"La esquina del Tofe \u00bb Almadraba","isPartOf":{"@id":"https:\/\/laesquinadeltofe.com\/#website"},"primaryImageOfPage":{"@id":"https:\/\/laesquinadeltofe.com\/almadraba\/#primaryimage"},"image":{"@id":"https:\/\/laesquinadeltofe.com\/almadraba\/#primaryimage"},"thumbnailUrl":"https:\/\/laesquinadeltofe.com\/wp-content\/uploads\/2025\/03\/mediaval.jpg.jpg","datePublished":"2025-03-15T11:54:04+00:00","dateModified":"2025-03-15T11:54:05+00:00","description":"De Opiano tenemos una descripci\u00f3n de las\u00a0almadrabas\u00a0en el siglo II a.C. que refleja en su libro Halieutica y en el que refiri\u00e9ndose al momento del avistamiento de los atunes\u00a0","breadcrumb":{"@id":"https:\/\/laesquinadeltofe.com\/almadraba\/#breadcrumb"},"inLanguage":"en-US","potentialAction":[{"@type":"ReadAction","target":["https:\/\/laesquinadeltofe.com\/almadraba\/"]}]},{"@type":"ImageObject","inLanguage":"en-US","@id":"https:\/\/laesquinadeltofe.com\/almadraba\/#primaryimage","url":"https:\/\/laesquinadeltofe.com\/wp-content\/uploads\/2025\/03\/mediaval.jpg.jpg","contentUrl":"https:\/\/laesquinadeltofe.com\/wp-content\/uploads\/2025\/03\/mediaval.jpg.jpg","width":500,"height":258},{"@type":"BreadcrumbList","@id":"https:\/\/laesquinadeltofe.com\/almadraba\/#breadcrumb","itemListElement":[{"@type":"ListItem","position":1,"name":"Home","item":"https:\/\/laesquinadeltofe.com\/"},{"@type":"ListItem","position":2,"name":"Almadraba"}]},{"@type":"WebSite","@id":"https:\/\/laesquinadeltofe.com\/#website","url":"https:\/\/laesquinadeltofe.com\/","name":"No Blog Title Set","description":"","publisher":{"@id":"https:\/\/laesquinadeltofe.com\/#organization"},"potentialAction":[{"@type":"SearchAction","target":{"@type":"EntryPoint","urlTemplate":"https:\/\/laesquinadeltofe.com\/?s={search_term_string}"},"query-input":{"@type":"PropertyValueSpecification","valueRequired":true,"valueName":"search_term_string"}}],"inLanguage":"en-US"},{"@type":"Organization","@id":"https:\/\/laesquinadeltofe.com\/#organization","name":"No Blog Title Set","url":"https:\/\/laesquinadeltofe.com\/","logo":{"@type":"ImageObject","inLanguage":"en-US","@id":"https:\/\/laesquinadeltofe.com\/#\/schema\/logo\/image\/","url":"https:\/\/laesquinadeltofe.com\/wp-content\/uploads\/2025\/03\/logo.png","contentUrl":"https:\/\/laesquinadeltofe.com\/wp-content\/uploads\/2025\/03\/logo.png","width":400,"height":80,"caption":"No Blog Title Set"},"image":{"@id":"https:\/\/laesquinadeltofe.com\/#\/schema\/logo\/image\/"}}]}},"_links":{"self":[{"href":"https:\/\/laesquinadeltofe.com\/index.php\/wp-json\/wp\/v2\/pages\/81","targetHints":{"allow":["GET"]}}],"collection":[{"href":"https:\/\/laesquinadeltofe.com\/index.php\/wp-json\/wp\/v2\/pages"}],"about":[{"href":"https:\/\/laesquinadeltofe.com\/index.php\/wp-json\/wp\/v2\/types\/page"}],"author":[{"embeddable":true,"href":"https:\/\/laesquinadeltofe.com\/index.php\/wp-json\/wp\/v2\/users\/1"}],"replies":[{"embeddable":true,"href":"https:\/\/laesquinadeltofe.com\/index.php\/wp-json\/wp\/v2\/comments?post=81"}],"version-history":[{"count":1,"href":"https:\/\/laesquinadeltofe.com\/index.php\/wp-json\/wp\/v2\/pages\/81\/revisions"}],"predecessor-version":[{"id":89,"href":"https:\/\/laesquinadeltofe.com\/index.php\/wp-json\/wp\/v2\/pages\/81\/revisions\/89"}],"wp:attachment":[{"href":"https:\/\/laesquinadeltofe.com\/index.php\/wp-json\/wp\/v2\/media?parent=81"}],"curies":[{"name":"wp","href":"https:\/\/api.w.org\/{rel}","templated":true}]}}